{"id":551,"date":"2021-01-04T23:07:04","date_gmt":"2021-01-04T22:07:04","guid":{"rendered":"https:\/\/visubricks.com\/?page_id=551"},"modified":"2021-01-13T20:59:49","modified_gmt":"2021-01-13T19:59:49","slug":"shipping","status":"publish","type":"page","link":"https:\/\/visubricks.com\/fr\/shipping\/","title":{"rendered":"Livraison"},"content":{"rendered":"<p class=\"has-medium-font-size\">Voici les informations \u00e0 propos des frais de livraison:<\/p>\n\n\n\n<h2 class=\"has-vivid-red-color has-text-color translation-block\"><strong>Pas de livraison en dehors de l'Europe !<\/strong> Contactez-nous avant de commander !!!<\/h2>\n\n\n\n<p><\/p>\n\n\n\n<ul><li>Tous les colis sont envoy\u00e9s depuis la Belgique<\/li><\/ul>\n\n\n\n<ul><li>Possibilit\u00e9 de 'Remise en main propre'<ul><li>R\u00e9gion de Tournai<\/li><li>R\u00e9gion de Bruxelles (gare Bruxelles-Central)<\/li><li>R\u00e9gion de Li\u00e8ge, r\u00e9gion de Charleroi et autres r\u00e9gions: apr\u00e8s arrangement<\/li><\/ul><\/li><\/ul>\n\n\n\n<p class=\"has-luminous-vivid-orange-color has-text-color\"><strong>Veuillez s\u00e9lectionner l'option 'Retrait local' lors de la commande !<\/strong><\/p>\n\n\n\n<ul class=\"has-black-color has-text-color\"><li>Livraison en Belgique <ul><li>0g &#8211; 5 Kg = 7,5 euros<\/li><li>5 Kg &#8211; 10 Kg = 10 euros<\/li><li>10 Kg &#8211; 30 Kg = 12,5 euros<\/li><\/ul><\/li><\/ul>\n\n\n\n<ul><li>Livraison en Europe Zone 1 (Allemagne, France (sauf Dom-Tom), Grand-Duch\u00e9 de Luxembourg, Pays Bas)<ul><li>0g &#8211; 10 Kg = 20 euros<\/li><li>10 Kg &#8211; 30 Kg = 45 euros<\/li><\/ul><\/li><\/ul>\n\n\n\n<ul><li>Livraison en Europe Zone 2 (Autriche, Bulgarie, Chypre, Croatie, Danemark, Espagne, Estonie, Finlande, Gr\u00e8ce, Hongrie, Irlande, Italie, Lettonie, Lituanie, Pologne, Portugal, Roumanie, Slovaquie, Slov\u00e9nie, Su\u00e8de, Tch\u00e9quie, Royaume-Uni)<ul><li>0g &#8211; 5 Kg = 35 euros<\/li><li>5 Kg &#8211; 10 Kg = 55 euros<\/li><li>10 Kg &#8211; 20 Kg = 85 euros<\/li><li>20 Kg &#8211; 30 Kg = 100 euros<\/li><\/ul><\/li><\/ul>\n\n\n\n<p class=\"has-luminous-vivid-orange-color has-text-color\"><strong>Ces frais de port incluent:<\/strong><\/p>\n\n\n\n<ul class=\"has-luminous-vivid-orange-color has-text-color\"><li>emballage<\/li><li>manutention<\/li><li>frais postaux<\/li><li>assurance<\/li><li>suivi<\/li><\/ul>\n\n\n\n<p>L'adresse postale fournie doit \u00eatre valide. Si un colis nous est retourn\u00e9 car l'adresse est incompl\u00e8te ou incorrecte, des frais d'envois suppl\u00e9mentaires vous seront demand\u00e9s pour qu'il vous soit renvoy\u00e9 \u00e0 nouveau \u00e0 une adresse valide. Si vous ne souhaitez pas que nous renvoyons une seconde fois votre commande, le montant \u00e9gal \u00e0 votre commande hors frais de port vous sera rembourse.<\/p>\n\n\n\n<p>Visubricks ne peut \u00eatre tenu responsable pour tout probl\u00e8me lie au transport (retard, perte ou d\u00e9g\u00e2ts)<\/p>\n\n\n\n<p><\/p>","protected":false},"excerpt":{"rendered":"<p>Here are the Shipping information: No shipping outside Europe ! Contact us before order !!! All the packages are sent from Belgium ! Possibility of &#8220;Hand delivery&#8221;: Tournai area Bruxelles area (Bruxelles-Central train station) Li\u00e8ge area, Charleroi area and other areas : by arrangement Please, select &#8216;Local Pickup&#8217; option when ordering ! Shipping in Belgium 0g &#8211; 5 Kg = &hellip;<\/p>","protected":false},"author":1,"featured_media":0,"parent":0,"menu_order":0,"comment_status":"closed","ping_status":"closed","template":"","meta":[],"_links":{"self":[{"href":"https:\/\/visubricks.com\/fr\/wp-json\/wp\/v2\/pages\/551"}],"collection":[{"href":"https:\/\/visubricks.com\/fr\/wp-json\/wp\/v2\/pages"}],"about":[{"href":"https:\/\/visubricks.com\/fr\/wp-json\/wp\/v2\/types\/page"}],"author":[{"embeddable":true,"href":"https:\/\/visubricks.com\/fr\/wp-json\/wp\/v2\/users\/1"}],"replies":[{"embeddable":true,"href":"https:\/\/visubricks.com\/fr\/wp-json\/wp\/v2\/comments?post=551"}],"version-history":[{"count":19,"href":"https:\/\/visubricks.com\/fr\/wp-json\/wp\/v2\/pages\/551\/revisions"}],"predecessor-version":[{"id":581,"href":"https:\/\/visubricks.com\/fr\/wp-json\/wp\/v2\/pages\/551\/revisions\/581"}],"wp:attachment":[{"href":"https:\/\/visubricks.com\/fr\/wp-json\/wp\/v2\/media?parent=551"}],"curies":[{"name":"wp","href":"https:\/\/api.w.org\/{rel}","templated":true}]}}