{"id":261,"date":"2020-09-02T12:34:24","date_gmt":"2020-09-02T10:34:24","guid":{"rendered":"https:\/\/visubricks.com\/?post_type=product&#038;p=261"},"modified":"2021-08-06T23:03:10","modified_gmt":"2021-08-06T21:03:10","slug":"ideas-box","status":"publish","type":"product","link":"https:\/\/visubricks.com\/fr\/produit\/ideas-box\/","title":{"rendered":"Boite \u00e0 id\u00e9es"},"content":{"rendered":"<h4>Boites \u00e0 id\u00e9es: peut \u00eatre utilis\u00e9e afin de collecter des id\u00e9es, des remarques, des commentaires , des opinions, des suggestions<\/h4>\n<p>&nbsp;<\/p>\n<h4>N'oubliez plus jamais un sujet pour votre prochaine Sprint Retrospective Scrum, \u00e9crivez la simplement et glissez le post-it dans la boite \u00e0 id\u00e9es !<\/h4>\n<p>&nbsp;<\/p>\n<p class=\" translation-block\"><em>(+\/- 314 \u00e9l\u00e9ments;\u00a0<strong>ATTENTION: la couleur des plaques de base peut \u00eatre diff\u00e9rente que celle sur la photo<\/strong>)<\/em><\/p>\n<p><em>(Les libell\u00e9s sont fournis en Anglais et en Fran\u00e7ais, sous forme de fichiers MS-Word)<\/em><\/p>\n<p><em>(Instructions de montage inclues)<\/em><\/p>\n<p><a href=\"https:\/\/visubricks.com\/fr\/shipping\/\" target=\"_blank\" rel=\"noopener\">[Informations sur la livraison]<\/a><\/p>","protected":false},"excerpt":{"rendered":"<p>Boites \u00e0 id\u00e9es: peut \u00eatre utilis\u00e9e afin de collecter des id\u00e9es, des remarques, des commentaires , des opinions, des suggestions<\/p>","protected":false},"featured_media":324,"template":"","meta":[],"product_cat":[20],"product_tag":[22,23],"_links":{"self":[{"href":"https:\/\/visubricks.com\/fr\/wp-json\/wp\/v2\/product\/261"}],"collection":[{"href":"https:\/\/visubricks.com\/fr\/wp-json\/wp\/v2\/product"}],"about":[{"href":"https:\/\/visubricks.com\/fr\/wp-json\/wp\/v2\/types\/product"}],"wp:featuredmedia":[{"embeddable":true,"href":"https:\/\/visubricks.com\/fr\/wp-json\/wp\/v2\/media\/324"}],"wp:attachment":[{"href":"https:\/\/visubricks.com\/fr\/wp-json\/wp\/v2\/media?parent=261"}],"wp:term":[{"taxonomy":"product_cat","embeddable":true,"href":"https:\/\/visubricks.com\/fr\/wp-json\/wp\/v2\/product_cat?post=261"},{"taxonomy":"product_tag","embeddable":true,"href":"https:\/\/visubricks.com\/fr\/wp-json\/wp\/v2\/product_tag?post=261"}],"curies":[{"name":"wp","href":"https:\/\/api.w.org\/{rel}","templated":true}]}}