{"id":352,"date":"2020-10-20T22:02:20","date_gmt":"2020-10-20T20:02:20","guid":{"rendered":"https:\/\/visubricks.com\/?post_type=product&#038;p=352"},"modified":"2021-08-06T22:45:50","modified_gmt":"2021-08-06T20:45:50","slug":"picture-frame","status":"publish","type":"product","link":"https:\/\/visubricks.com\/fr\/produit\/picture-frame\/","title":{"rendered":"Cadre Photo"},"content":{"rendered":"<h4>Cadre Photo ... pour votre \u00e9quipe, chaque membre de votre \u00e9quipe, l'employ\u00e9 du mois, ...<\/h4>\n<p>&nbsp;<\/p>\n<p><em>Id\u00e9al pour les photos 10x15 cm<\/em><\/p>\n<p class=\" translation-block\"><em>(+\/- 34 \u00e9l\u00e9ments;\u00a0<strong>ATTENTION: la couleur des plaques de base peut \u00eatre diff\u00e9rente que celle sur la photo<\/strong>)<\/em><\/p>\n<p><em>(Les libell\u00e9s sont fournis en Anglais et en Fran\u00e7ais, sous forme de fichiers MS-Word)<\/em><\/p>\n<p><em>(Instructions de montage inclues)<\/em><\/p>\n<p><a href=\"https:\/\/visubricks.com\/fr\/shipping\/\" target=\"_blank\" rel=\"noopener\">[Informations sur la livraison]<\/a><\/p>","protected":false},"excerpt":{"rendered":"<p>Cadre Photo ... pour votre \u00e9quipe, chaque membre de votre \u00e9quipe, l'employ\u00e9 du mois, ...<\/p>","protected":false},"featured_media":331,"template":"","meta":[],"product_cat":[26],"product_tag":[],"_links":{"self":[{"href":"https:\/\/visubricks.com\/fr\/wp-json\/wp\/v2\/product\/352"}],"collection":[{"href":"https:\/\/visubricks.com\/fr\/wp-json\/wp\/v2\/product"}],"about":[{"href":"https:\/\/visubricks.com\/fr\/wp-json\/wp\/v2\/types\/product"}],"wp:featuredmedia":[{"embeddable":true,"href":"https:\/\/visubricks.com\/fr\/wp-json\/wp\/v2\/media\/331"}],"wp:attachment":[{"href":"https:\/\/visubricks.com\/fr\/wp-json\/wp\/v2\/media?parent=352"}],"wp:term":[{"taxonomy":"product_cat","embeddable":true,"href":"https:\/\/visubricks.com\/fr\/wp-json\/wp\/v2\/product_cat?post=352"},{"taxonomy":"product_tag","embeddable":true,"href":"https:\/\/visubricks.com\/fr\/wp-json\/wp\/v2\/product_tag?post=352"}],"curies":[{"name":"wp","href":"https:\/\/api.w.org\/{rel}","templated":true}]}}