{"id":366,"date":"2020-10-25T21:44:51","date_gmt":"2020-10-25T20:44:51","guid":{"rendered":"https:\/\/visubricks.com\/?post_type=product&#038;p=366"},"modified":"2021-01-13T23:25:15","modified_gmt":"2021-01-13T22:25:15","slug":"bugs-follow-up-type-2","status":"publish","type":"product","link":"https:\/\/visubricks.com\/fr\/produit\/bugs-follow-up-type-2\/","title":{"rendered":"Suivi des bugs - Type 2"},"content":{"rendered":"<h4>Suivi des bugs - Type 2: peut \u00eatre utilis\u00e9 afin de suivre les bugs de votre application, de votre release, ... durant plusieurs it\u00e9rations (mois, sprints, ...)<\/h4>\n<p>&nbsp;<\/p>\n<h4>Visualiser facilement le nombre et le type des bugs pour une p\u00e9riode d\u00e9termin\u00e9e: 3 types de bug &amp; 7 p\u00e9riodes fournis<\/h4>\n<p>&nbsp;<\/p>\n<p class=\" translation-block\"><em>(+\/- 265 \u00e9l\u00e9ments;\u00a0<strong>ATTENTION: la couleur des plaques de base peut \u00eatre diff\u00e9rente que celle sur la photo<\/strong>)<\/em><\/p>\n<p><em>(Les libell\u00e9s sont fournis en Anglais et en Fran\u00e7ais, sous forme de fichiers MS-Word)<\/em><\/p>\n<p><em>(Instructions de montage inclues)<\/em><\/p>\n<p><a href=\"https:\/\/visubricks.com\/fr\/shipping\/\" target=\"_blank\" rel=\"noopener\">[Informations sur la livraison]<\/a><\/p>","protected":false},"excerpt":{"rendered":"<p>Suivi des bugs - Type 2: peut \u00eatre utilis\u00e9 afin de suivre les bugs de votre application, de votre release, ... durant plusieurs it\u00e9rations (mois, sprints, ...)<\/p>","protected":false},"featured_media":335,"template":"","meta":[],"product_cat":[27],"product_tag":[28,30],"_links":{"self":[{"href":"https:\/\/visubricks.com\/fr\/wp-json\/wp\/v2\/product\/366"}],"collection":[{"href":"https:\/\/visubricks.com\/fr\/wp-json\/wp\/v2\/product"}],"about":[{"href":"https:\/\/visubricks.com\/fr\/wp-json\/wp\/v2\/types\/product"}],"wp:featuredmedia":[{"embeddable":true,"href":"https:\/\/visubricks.com\/fr\/wp-json\/wp\/v2\/media\/335"}],"wp:attachment":[{"href":"https:\/\/visubricks.com\/fr\/wp-json\/wp\/v2\/media?parent=366"}],"wp:term":[{"taxonomy":"product_cat","embeddable":true,"href":"https:\/\/visubricks.com\/fr\/wp-json\/wp\/v2\/product_cat?post=366"},{"taxonomy":"product_tag","embeddable":true,"href":"https:\/\/visubricks.com\/fr\/wp-json\/wp\/v2\/product_tag?post=366"}],"curies":[{"name":"wp","href":"https:\/\/api.w.org\/{rel}","templated":true}]}}