{"id":367,"date":"2020-10-25T21:47:26","date_gmt":"2020-10-25T20:47:26","guid":{"rendered":"https:\/\/visubricks.com\/?post_type=product&#038;p=367"},"modified":"2021-01-13T23:25:01","modified_gmt":"2021-01-13T22:25:01","slug":"incidents-follow-up-type-1","status":"publish","type":"product","link":"https:\/\/visubricks.com\/fr\/produit\/incidents-follow-up-type-1\/","title":{"rendered":"Suivi des incidents - Type 1"},"content":{"rendered":"<h4>Suivi des incidents - Type 1: peut \u00eatre utilis\u00e9 afin de suivre les incidents survenus en production<\/h4>\n<p>&nbsp;<\/p>\n<h4>Visualiser facilement le nombre et le type des incidents pour une p\u00e9riode d\u00e9termin\u00e9e: 4 types d'incident fournis<\/h4>\n<p>&nbsp;<\/p>\n<p class=\" translation-block\"><em>(+\/- 91 \u00e9l\u00e9ments;\u00a0<strong>ATTENTION: la couleur des plaques de base peut \u00eatre diff\u00e9rente que celle sur la photo<\/strong>)<\/em><\/p>\n<p><em>(Les libell\u00e9s sont fournis en Anglais et en Fran\u00e7ais, sous forme de fichiers MS-Word)<\/em><\/p>\n<p><em>(Instructions de montage inclues)<\/em><\/p>\n<p><a href=\"https:\/\/visubricks.com\/fr\/shipping\/\" target=\"_blank\" rel=\"noopener\">[Informations sur la livraison]<\/a><\/p>","protected":false},"excerpt":{"rendered":"<p>Suivi des incidents - Type 1: peut \u00eatre utilis\u00e9 afin de suivre les incidents survenus en production<\/p>","protected":false},"featured_media":330,"template":"","meta":[],"product_cat":[29],"product_tag":[28],"_links":{"self":[{"href":"https:\/\/visubricks.com\/fr\/wp-json\/wp\/v2\/product\/367"}],"collection":[{"href":"https:\/\/visubricks.com\/fr\/wp-json\/wp\/v2\/product"}],"about":[{"href":"https:\/\/visubricks.com\/fr\/wp-json\/wp\/v2\/types\/product"}],"wp:featuredmedia":[{"embeddable":true,"href":"https:\/\/visubricks.com\/fr\/wp-json\/wp\/v2\/media\/330"}],"wp:attachment":[{"href":"https:\/\/visubricks.com\/fr\/wp-json\/wp\/v2\/media?parent=367"}],"wp:term":[{"taxonomy":"product_cat","embeddable":true,"href":"https:\/\/visubricks.com\/fr\/wp-json\/wp\/v2\/product_cat?post=367"},{"taxonomy":"product_tag","embeddable":true,"href":"https:\/\/visubricks.com\/fr\/wp-json\/wp\/v2\/product_tag?post=367"}],"curies":[{"name":"wp","href":"https:\/\/api.w.org\/{rel}","templated":true}]}}