{"id":368,"date":"2020-10-25T21:50:24","date_gmt":"2020-10-25T20:50:24","guid":{"rendered":"https:\/\/visubricks.com\/?post_type=product&#038;p=368"},"modified":"2021-01-13T23:24:49","modified_gmt":"2021-01-13T22:24:49","slug":"incidents-follow-up-type-2","status":"publish","type":"product","link":"https:\/\/visubricks.com\/fr\/produit\/incidents-follow-up-type-2\/","title":{"rendered":"Suivi des incidents - Type 2"},"content":{"rendered":"<h4>Suivi des incidents - Type 2: peut \u00eatre utilis\u00e9 afin de suivre les incidents survenus en production durant une p\u00e9riode d\u00e9termin\u00e9e<\/h4>\n<p>&nbsp;<\/p>\n<h4>Visualiser facilement le nombre et le type des incidents pour une p\u00e9riode d\u00e9termin\u00e9e: 4 types d'incident &amp; 7 p\u00e9riodes fournis<\/h4>\n<p>&nbsp;<\/p>\n<p class=\" translation-block\"><em>(+\/- 337 \u00e9l\u00e9ments;\u00a0<strong>ATTENTION: la couleur des plaques de base peut \u00eatre diff\u00e9rente que celle sur la photo<\/strong>)<\/em><\/p>\n<p><em>(Les libell\u00e9s sont fournis en Anglais et en Fran\u00e7ais, sous forme de fichiers MS-Word)<\/em><\/p>\n<p><em>(Instructions de montage inclues)<\/em><\/p>\n<p><a href=\"https:\/\/visubricks.com\/fr\/shipping\/\" target=\"_blank\" rel=\"noopener\">[Informations sur la livraison]<\/a><\/p>","protected":false},"excerpt":{"rendered":"<p>Suivi des incidents - Type 2: peut \u00eatre utilis\u00e9 afin de suivre les incidents survenus en production durant une p\u00e9riode d\u00e9termin\u00e9e<\/p>","protected":false},"featured_media":339,"template":"","meta":[],"product_cat":[29],"product_tag":[28],"_links":{"self":[{"href":"https:\/\/visubricks.com\/fr\/wp-json\/wp\/v2\/product\/368"}],"collection":[{"href":"https:\/\/visubricks.com\/fr\/wp-json\/wp\/v2\/product"}],"about":[{"href":"https:\/\/visubricks.com\/fr\/wp-json\/wp\/v2\/types\/product"}],"wp:featuredmedia":[{"embeddable":true,"href":"https:\/\/visubricks.com\/fr\/wp-json\/wp\/v2\/media\/339"}],"wp:attachment":[{"href":"https:\/\/visubricks.com\/fr\/wp-json\/wp\/v2\/media?parent=368"}],"wp:term":[{"taxonomy":"product_cat","embeddable":true,"href":"https:\/\/visubricks.com\/fr\/wp-json\/wp\/v2\/product_cat?post=368"},{"taxonomy":"product_tag","embeddable":true,"href":"https:\/\/visubricks.com\/fr\/wp-json\/wp\/v2\/product_tag?post=368"}],"curies":[{"name":"wp","href":"https:\/\/api.w.org\/{rel}","templated":true}]}}