{"id":373,"date":"2020-10-25T22:10:00","date_gmt":"2020-10-25T21:10:00","guid":{"rendered":"https:\/\/visubricks.com\/?post_type=product&#038;p=373"},"modified":"2021-01-13T23:24:26","modified_gmt":"2021-01-13T22:24:26","slug":"scrum-burn-up-chart","status":"publish","type":"product","link":"https:\/\/visubricks.com\/fr\/produit\/scrum-burn-up-chart\/","title":{"rendered":"Scrum Burn-Up Chart"},"content":{"rendered":"<h4>Scrum Burn-Up Chart: peut \u00eatre utilis\u00e9 pour construire votre Scrum Burn-Up Chart sur base journali\u00e8re<\/h4>\n<p>&nbsp;<\/p>\n<p><em>(<strong>ATTENTION: la couleur des plaques de base peut \u00eatre diff\u00e9rente que celle sur la photo<\/strong>)<\/em><\/p>\n<p><em>(Les libell\u00e9s sont fournis en Anglais et en Fran\u00e7ais, sous forme de fichiers MS-Word)<\/em><\/p>\n<p><em>(Instructions de montage inclues)<\/em><\/p>\n<p><em>(Une aide \/ calculateur est fournie en Anglais et en Fran\u00e7ais, sous forme de fichiers MS-Excel)<\/em><\/p>\n<p><em>Velocity [0-50] \/ Sprint Length [1 week]: +\/- 482 items<br \/>\nVelocity [0-50] \/ Sprint Length [2 weeks]: +\/- 795 items<br \/>\nVelocity [0-50] \/ Sprint Length [3 weeks]: +\/- 1111 items<br \/>\nVelocity [0-50] \/ Sprint Length [4 weeks]: +\/- 1424 items<br \/>\nVelocity [50-100] \/ Sprint Length [1 week]: +\/- 782 items<br \/>\nVelocity [50-100] \/ Sprint Length [2 weeks]: +\/- 1345 items<br \/>\nVelocity [50-100] \/ Sprint Length [3 weeks]: +\/- 1911 items<br \/>\nVelocity [50-100] \/ Sprint Length [4 weeks]: +\/- 2474 items<br \/>\nVelocity [100-150] \/ Sprint Length [1 week]: +\/- 1082 items<br \/>\nVelocity [100-150] \/ Sprint Length [2 weeks]: +\/- 1855 items<br \/>\nVelocity [100-150] \/ Sprint Length [3 weeks]: +\/- 2711 items<br \/>\nVelocity [100-150] \/ Sprint Length [4 weeks]: +\/- 3524 items<\/em><\/p>\n<p><a href=\"https:\/\/visubricks.com\/fr\/shipping\/\" target=\"_blank\" rel=\"noopener\">[Informations sur la livraison]<\/a><\/p>","protected":false},"excerpt":{"rendered":"<p>Scrum Burn-Up Chart: peut \u00eatre utilis\u00e9 pour construire votre Scrum Burn-Up Chart sur base journali\u00e8re<\/p>","protected":false},"featured_media":323,"template":"","meta":[],"product_cat":[31],"product_tag":[30,25],"_links":{"self":[{"href":"https:\/\/visubricks.com\/fr\/wp-json\/wp\/v2\/product\/373"}],"collection":[{"href":"https:\/\/visubricks.com\/fr\/wp-json\/wp\/v2\/product"}],"about":[{"href":"https:\/\/visubricks.com\/fr\/wp-json\/wp\/v2\/types\/product"}],"wp:featuredmedia":[{"embeddable":true,"href":"https:\/\/visubricks.com\/fr\/wp-json\/wp\/v2\/media\/323"}],"wp:attachment":[{"href":"https:\/\/visubricks.com\/fr\/wp-json\/wp\/v2\/media?parent=373"}],"wp:term":[{"taxonomy":"product_cat","embeddable":true,"href":"https:\/\/visubricks.com\/fr\/wp-json\/wp\/v2\/product_cat?post=373"},{"taxonomy":"product_tag","embeddable":true,"href":"https:\/\/visubricks.com\/fr\/wp-json\/wp\/v2\/product_tag?post=373"}],"curies":[{"name":"wp","href":"https:\/\/api.w.org\/{rel}","templated":true}]}}