{"id":664,"date":"2021-08-06T22:35:01","date_gmt":"2021-08-06T20:35:01","guid":{"rendered":"https:\/\/visubricks.com\/?post_type=product&#038;p=664"},"modified":"2025-02-05T11:01:49","modified_gmt":"2025-02-05T10:01:49","slug":"kudo-card","status":"publish","type":"product","link":"https:\/\/visubricks.com\/fr\/produit\/kudo-card\/","title":{"rendered":"Carte Kudo"},"content":{"rendered":"<h4>Carte Kudo ... vous d\u00e9sirez remercier un coll\u00e8gue, un membre de votre \u00e9quipe, ... Offrez lui simplement la meilleure des cartes Kudo de la liste<\/h4>\n<p>&nbsp;<\/p>\n<p><em>Les photos sont des vues mod\u00e9lis\u00e9es des diff\u00e9rentes kudo cartes, seul le mod\u00e8le \"Tr\u00e8fle \u00e0 4 feuilles\" est une photo r\u00e9elle<\/em><\/p>\n<p><em> Voulez-vous g\u00e9n\u00e9rer une carte Kudo virtuelle, gratuitement? Il suffit d'utiliser notre G\u00e9n\u00e9rateur de Carte Kudo gratuit <\/em><br \/>\n<a href=\"https:\/\/visubricks.com\/wp-content\/plugins\/kudo\/index.html\" arget=\"_blank\" rel=\"noopener\"><strong>[G\u00e9n\u00e9rateur Carte Kudo gratuit]<\/strong><\/a><\/p>\n<p><em>(<strong>ATTENTION: la couleur des plaques de base peut \u00eatre diff\u00e9rente que celle sur la photo<\/strong>)<\/em><\/p>\n<p><em>(Les libell\u00e9s sont fournis en Anglais et en Fran\u00e7ais, sous forme de fichiers MS-Word)<\/em><\/p>\n<p><em>(Instructions de montage inclues)<\/em><\/p>\n<p><em>4-leaf clover: +\/- 329 items<br \/>\nBlock: +\/- 348 items<br \/>\nCup: +\/- 365 items<br \/>\nFlower_1: +\/- 329 items<br \/>\nFlower_2: +\/- 347 items<br \/>\nHeart: +\/- 329 items<br \/>\nIdeas: +\/- 329 items<br \/>\nLuigi: +\/- 329 items<br \/>\nMario: +\/- 329 items<br \/>\nMedal: +\/- 328 items<br \/>\nMushroom &#8211; Green: +\/- 329 items<br \/>\nMushroom &#8211; Red: +\/- 329 items<br \/>\nStar: +\/- 329 items<br \/>\nThumb: +\/- 260 items<br \/>\nTiji Junior: +\/- 311 items<\/em><\/p>\n<p><a href=\"https:\/\/visubricks.com\/fr\/shipping\/\" target=\"_blank\" rel=\"noopener\">[Informations sur la livraison]<\/a><\/p>","protected":false},"excerpt":{"rendered":"<p>Carte Kudo ... vous d\u00e9sirez remercier un coll\u00e8gue, un membre de votre \u00e9quipe, ... Offrez lui simplement la meilleure des cartes Kudo de la liste<\/p>","protected":false},"featured_media":662,"template":"","meta":[],"product_cat":[37],"product_tag":[],"_links":{"self":[{"href":"https:\/\/visubricks.com\/fr\/wp-json\/wp\/v2\/product\/664"}],"collection":[{"href":"https:\/\/visubricks.com\/fr\/wp-json\/wp\/v2\/product"}],"about":[{"href":"https:\/\/visubricks.com\/fr\/wp-json\/wp\/v2\/types\/product"}],"wp:featuredmedia":[{"embeddable":true,"href":"https:\/\/visubricks.com\/fr\/wp-json\/wp\/v2\/media\/662"}],"wp:attachment":[{"href":"https:\/\/visubricks.com\/fr\/wp-json\/wp\/v2\/media?parent=664"}],"wp:term":[{"taxonomy":"product_cat","embeddable":true,"href":"https:\/\/visubricks.com\/fr\/wp-json\/wp\/v2\/product_cat?post=664"},{"taxonomy":"product_tag","embeddable":true,"href":"https:\/\/visubricks.com\/fr\/wp-json\/wp\/v2\/product_tag?post=664"}],"curies":[{"name":"wp","href":"https:\/\/api.w.org\/{rel}","templated":true}]}}